{"id":6522,"date":"2025-02-03T17:32:08","date_gmt":"2025-02-03T17:32:08","guid":{"rendered":"https:\/\/quantum2025.org\/ceremonie-douverture-de-laiv\/"},"modified":"2025-05-16T10:13:46","modified_gmt":"2025-05-16T10:13:46","slug":"ceremonie-douverture-de-laiv","status":"publish","type":"page","link":"https:\/\/quantum2025.org\/fr\/ceremonie-douverture-de-laiv\/","title":{"rendered":"C\u00e9r\u00e9monie d&rsquo;ouverture de l&rsquo;AIV"},"content":{"rendered":"\t\t<div data-elementor-type=\"wp-page\" data-elementor-id=\"6522\" class=\"elementor elementor-6522 elementor-3433\" data-elementor-post-type=\"page\">\n\t\t\t\t<div class=\"elementor-element elementor-element-9c6fd97 e-flex e-con-boxed e-con e-parent\" data-id=\"9c6fd97\" data-element_type=\"container\" data-e-type=\"container\" data-settings=\"{&quot;jet_parallax_layout_list&quot;:[],&quot;background_background&quot;:&quot;gradient&quot;,&quot;_ha_eqh_enable&quot;:false}\">\n\t\t\t\t\t<div class=\"e-con-inner\">\n\t\t\t\t<div class=\"elementor-element elementor-element-cc0a7fb elementor-widget__width-initial elementor-widget-tablet__width-inherit elementor-invisible elementor-widget elementor-widget-ha-gradient-heading happy-addon ha-gradient-heading\" data-id=\"cc0a7fb\" data-element_type=\"widget\" data-e-type=\"widget\" data-settings=\"{&quot;_animation&quot;:&quot;fadeInUp&quot;}\" data-widget_type=\"ha-gradient-heading.default\">\n\t\t\t\t<div class=\"elementor-widget-container\">\n\t\t\t\t\t<h1 class=\"ha-gradient-heading\">C\u00e9r\u00e9monie d'ouverture de l'AIV<\/h1>\t\t\t\t<\/div>\n\t\t\t\t<\/div>\n\t\t<div class=\"elementor-element elementor-element-21bef7f e-con-full e-flex e-con e-child\" data-id=\"21bef7f\" data-element_type=\"container\" data-e-type=\"container\" data-settings=\"{&quot;jet_parallax_layout_list&quot;:[],&quot;_ha_eqh_enable&quot;:false}\">\n\t\t\t\t<div class=\"elementor-element elementor-element-4d4f0c0 raven-player-style1 elementor-widget elementor-widget-raven-video\" data-id=\"4d4f0c0\" data-element_type=\"widget\" data-e-type=\"widget\" data-settings=\"{&quot;sticky_on_scroll&quot;:&quot;yes&quot;,&quot;video_type&quot;:&quot;youtube&quot;,&quot;auto_hide_controls&quot;:&quot;yes&quot;,&quot;progress_bar&quot;:&quot;yes&quot;,&quot;current_time&quot;:&quot;yes&quot;,&quot;fullscreen&quot;:&quot;yes&quot;,&quot;rewind&quot;:&quot;yes&quot;,&quot;fast_forward&quot;:&quot;yes&quot;}\" data-widget_type=\"raven-video.default\">\n\t\t\t\t<div class=\"elementor-widget-container\">\n\t\t\t\t\t\t\t<div class=\"raven-widget-wrapper raven-video-mejs-player\">\n\t\t\t\n\t\t\t\n\t\t\t\t\t\t\t<span class=\"raven-video-close\" style=\"display: none;\">\n\t\t\t\t\t<i class=\"fas fa-times\"><\/i>\n\t\t\t\t<\/span>\n\t\t\t\t\t\t\n\t\t\t\t\t<div class=\"raven-video raven-video-inline\">\n\t\t\t\t\t\t<iframe class=\"raven-video-mejs-player lazyload\" allowfullscreen allow=\"autoplay\" title=\"youtube Video Player\" data-src=\"https:\/\/www.youtube.com\/embed\/EiidkzhNbYo?feature=oembed&amp;autoplay=0&amp;loop=0&amp;rel=0&amp;controls=0&amp;showinfo=1&amp;mute=0&amp;wmode=opaque&amp;enablejsapi=1\" src=\"data:image\/svg+xml;base64,PHN2ZyB3aWR0aD0iMSIgaGVpZ2h0PSIxIiB4bWxucz0iaHR0cDovL3d3dy53My5vcmcvMjAwMC9zdmciPjwvc3ZnPg==\" data-load-mode=\"1\"><\/iframe>\t\t\t\t\t<\/div>\n\n\t\t\t\t\t<\/div>\n\t\t\t\t\t\t<\/div>\n\t\t\t\t<\/div>\n\t\t\t\t<\/div>\n\t\t\t\t\t<\/div>\n\t\t\t\t<\/div>\n\t\t\t\t<\/div>\n\t\t","protected":false},"excerpt":{"rendered":"","protected":false},"author":2,"featured_media":2202,"parent":0,"menu_order":0,"comment_status":"closed","ping_status":"closed","template":"elementor_header_footer","meta":{"_acf_changed":false,"footnotes":""},"class_list":["post-6522","page","type-page","status-publish","has-post-thumbnail","hentry"],"acf":[],"yoast_head":"<!-- This site is optimized with the Yoast SEO plugin v27.0 - https:\/\/yoast.com\/product\/yoast-seo-wordpress\/ -->\n<title>C\u00e9r\u00e9monie d&#039;ouverture de l&#039;AIV<\/title>\n<meta name=\"description\" content=\"Participez \u00e0 la c\u00e9l\u00e9bration des 100 ans de Quantum en assistant ou en organisant un \u00e9v\u00e9nement de l&#039;AQI pr\u00e8s de chez vous.\" \/>\n<meta name=\"robots\" content=\"index, follow, max-snippet:-1, max-image-preview:large, max-video-preview:-1\" \/>\n<meta property=\"og:locale\" content=\"fr_FR\" \/>\n<meta property=\"og:type\" content=\"article\" \/>\n<meta property=\"og:title\" content=\"C\u00e9r\u00e9monie d&#039;ouverture de l&#039;AIV\" \/>\n<meta property=\"og:description\" content=\"Participez \u00e0 la c\u00e9l\u00e9bration des 100 ans de Quantum en assistant ou en organisant un \u00e9v\u00e9nement de l&#039;AQI pr\u00e8s de chez vous.\" \/>\n<meta property=\"og:url\" content=\"https:\/\/quantum2025.org\/fr\/ceremonie-douverture-de-laiv\/\" \/>\n<meta property=\"og:site_name\" content=\"IYQ 2025\" \/>\n<meta property=\"article:publisher\" content=\"https:\/\/www.facebook.com\/quantumyear2025\" \/>\n<meta property=\"article:modified_time\" content=\"2025-05-16T10:13:46+00:00\" \/>\n<meta property=\"og:image\" content=\"https:\/\/quantum2025.org\/wp-content\/uploads\/2024\/12\/IYQST-Logomark-FC.png\" \/>\n\t<meta property=\"og:image:width\" content=\"382\" \/>\n\t<meta property=\"og:image:height\" content=\"374\" \/>\n\t<meta property=\"og:image:type\" content=\"image\/png\" \/>\n<meta name=\"twitter:card\" content=\"summary_large_image\" \/>\n<meta name=\"twitter:site\" content=\"@QuantumYear2025\" \/>\n<script type=\"application\/ld+json\" class=\"yoast-schema-graph\">{\"@context\":\"https:\/\/schema.org\",\"@graph\":[{\"@type\":\"WebPage\",\"@id\":\"https:\/\/quantum2025.org\/fr\/ceremonie-douverture-de-laiv\/\",\"url\":\"https:\/\/quantum2025.org\/fr\/ceremonie-douverture-de-laiv\/\",\"name\":\"C\u00e9r\u00e9monie d'ouverture de l'AIV\",\"isPartOf\":{\"@id\":\"https:\/\/quantum2025.org\/#website\"},\"primaryImageOfPage\":{\"@id\":\"https:\/\/quantum2025.org\/fr\/ceremonie-douverture-de-laiv\/#primaryimage\"},\"image\":{\"@id\":\"https:\/\/quantum2025.org\/fr\/ceremonie-douverture-de-laiv\/#primaryimage\"},\"thumbnailUrl\":\"https:\/\/quantum2025.org\/wp-content\/uploads\/2024\/12\/IYQST-Logomark-FC.png\",\"datePublished\":\"2025-02-03T17:32:08+00:00\",\"dateModified\":\"2025-05-16T10:13:46+00:00\",\"description\":\"Participez \u00e0 la c\u00e9l\u00e9bration des 100 ans de Quantum en assistant ou en organisant un \u00e9v\u00e9nement de l'AQI pr\u00e8s de chez vous.\",\"breadcrumb\":{\"@id\":\"https:\/\/quantum2025.org\/fr\/ceremonie-douverture-de-laiv\/#breadcrumb\"},\"inLanguage\":\"fr-FR\",\"potentialAction\":[{\"@type\":\"ReadAction\",\"target\":[\"https:\/\/quantum2025.org\/fr\/ceremonie-douverture-de-laiv\/\"]}]},{\"@type\":\"ImageObject\",\"inLanguage\":\"fr-FR\",\"@id\":\"https:\/\/quantum2025.org\/fr\/ceremonie-douverture-de-laiv\/#primaryimage\",\"url\":\"https:\/\/quantum2025.org\/wp-content\/uploads\/2024\/12\/IYQST-Logomark-FC.png\",\"contentUrl\":\"https:\/\/quantum2025.org\/wp-content\/uploads\/2024\/12\/IYQST-Logomark-FC.png\",\"width\":382,\"height\":374},{\"@type\":\"BreadcrumbList\",\"@id\":\"https:\/\/quantum2025.org\/fr\/ceremonie-douverture-de-laiv\/#breadcrumb\",\"itemListElement\":[{\"@type\":\"ListItem\",\"position\":1,\"name\":\"Home\",\"item\":\"https:\/\/quantum2025.org\/\"},{\"@type\":\"ListItem\",\"position\":2,\"name\":\"C\u00e9r\u00e9monie d&rsquo;ouverture de l&rsquo;AIV\"}]},{\"@type\":\"WebSite\",\"@id\":\"https:\/\/quantum2025.org\/#website\",\"url\":\"https:\/\/quantum2025.org\/\",\"name\":\"IYQ 2025\",\"description\":\"International Year of Quantum\",\"potentialAction\":[{\"@type\":\"SearchAction\",\"target\":{\"@type\":\"EntryPoint\",\"urlTemplate\":\"https:\/\/quantum2025.org\/?s={search_term_string}\"},\"query-input\":{\"@type\":\"PropertyValueSpecification\",\"valueRequired\":true,\"valueName\":\"search_term_string\"}}],\"inLanguage\":\"fr-FR\"}]}<\/script>\n<!-- \/ Yoast SEO plugin. -->","yoast_head_json":{"title":"C\u00e9r\u00e9monie d'ouverture de l'AIV","description":"Participez \u00e0 la c\u00e9l\u00e9bration des 100 ans de Quantum en assistant ou en organisant un \u00e9v\u00e9nement de l'AQI pr\u00e8s de chez vous.","robots":{"index":"index","follow":"follow","max-snippet":"max-snippet:-1","max-image-preview":"max-image-preview:large","max-video-preview":"max-video-preview:-1"},"og_locale":"fr_FR","og_type":"article","og_title":"C\u00e9r\u00e9monie d'ouverture de l'AIV","og_description":"Participez \u00e0 la c\u00e9l\u00e9bration des 100 ans de Quantum en assistant ou en organisant un \u00e9v\u00e9nement de l'AQI pr\u00e8s de chez vous.","og_url":"https:\/\/quantum2025.org\/fr\/ceremonie-douverture-de-laiv\/","og_site_name":"IYQ 2025","article_publisher":"https:\/\/www.facebook.com\/quantumyear2025","article_modified_time":"2025-05-16T10:13:46+00:00","og_image":[{"width":382,"height":374,"url":"https:\/\/quantum2025.org\/wp-content\/uploads\/2024\/12\/IYQST-Logomark-FC.png","type":"image\/png"}],"twitter_card":"summary_large_image","twitter_site":"@QuantumYear2025","schema":{"@context":"https:\/\/schema.org","@graph":[{"@type":"WebPage","@id":"https:\/\/quantum2025.org\/fr\/ceremonie-douverture-de-laiv\/","url":"https:\/\/quantum2025.org\/fr\/ceremonie-douverture-de-laiv\/","name":"C\u00e9r\u00e9monie d'ouverture de l'AIV","isPartOf":{"@id":"https:\/\/quantum2025.org\/#website"},"primaryImageOfPage":{"@id":"https:\/\/quantum2025.org\/fr\/ceremonie-douverture-de-laiv\/#primaryimage"},"image":{"@id":"https:\/\/quantum2025.org\/fr\/ceremonie-douverture-de-laiv\/#primaryimage"},"thumbnailUrl":"https:\/\/quantum2025.org\/wp-content\/uploads\/2024\/12\/IYQST-Logomark-FC.png","datePublished":"2025-02-03T17:32:08+00:00","dateModified":"2025-05-16T10:13:46+00:00","description":"Participez \u00e0 la c\u00e9l\u00e9bration des 100 ans de Quantum en assistant ou en organisant un \u00e9v\u00e9nement de l'AQI pr\u00e8s de chez vous.","breadcrumb":{"@id":"https:\/\/quantum2025.org\/fr\/ceremonie-douverture-de-laiv\/#breadcrumb"},"inLanguage":"fr-FR","potentialAction":[{"@type":"ReadAction","target":["https:\/\/quantum2025.org\/fr\/ceremonie-douverture-de-laiv\/"]}]},{"@type":"ImageObject","inLanguage":"fr-FR","@id":"https:\/\/quantum2025.org\/fr\/ceremonie-douverture-de-laiv\/#primaryimage","url":"https:\/\/quantum2025.org\/wp-content\/uploads\/2024\/12\/IYQST-Logomark-FC.png","contentUrl":"https:\/\/quantum2025.org\/wp-content\/uploads\/2024\/12\/IYQST-Logomark-FC.png","width":382,"height":374},{"@type":"BreadcrumbList","@id":"https:\/\/quantum2025.org\/fr\/ceremonie-douverture-de-laiv\/#breadcrumb","itemListElement":[{"@type":"ListItem","position":1,"name":"Home","item":"https:\/\/quantum2025.org\/"},{"@type":"ListItem","position":2,"name":"C\u00e9r\u00e9monie d&rsquo;ouverture de l&rsquo;AIV"}]},{"@type":"WebSite","@id":"https:\/\/quantum2025.org\/#website","url":"https:\/\/quantum2025.org\/","name":"IYQ 2025","description":"International Year of Quantum","potentialAction":[{"@type":"SearchAction","target":{"@type":"EntryPoint","urlTemplate":"https:\/\/quantum2025.org\/?s={search_term_string}"},"query-input":{"@type":"PropertyValueSpecification","valueRequired":true,"valueName":"search_term_string"}}],"inLanguage":"fr-FR"}]}},"_links":{"self":[{"href":"https:\/\/quantum2025.org\/fr\/wp-json\/wp\/v2\/pages\/6522","targetHints":{"allow":["GET"]}}],"collection":[{"href":"https:\/\/quantum2025.org\/fr\/wp-json\/wp\/v2\/pages"}],"about":[{"href":"https:\/\/quantum2025.org\/fr\/wp-json\/wp\/v2\/types\/page"}],"author":[{"embeddable":true,"href":"https:\/\/quantum2025.org\/fr\/wp-json\/wp\/v2\/users\/2"}],"replies":[{"embeddable":true,"href":"https:\/\/quantum2025.org\/fr\/wp-json\/wp\/v2\/comments?post=6522"}],"version-history":[{"count":0,"href":"https:\/\/quantum2025.org\/fr\/wp-json\/wp\/v2\/pages\/6522\/revisions"}],"wp:featuredmedia":[{"embeddable":true,"href":"https:\/\/quantum2025.org\/fr\/wp-json\/wp\/v2\/media\/2202"}],"wp:attachment":[{"href":"https:\/\/quantum2025.org\/fr\/wp-json\/wp\/v2\/media?parent=6522"}],"curies":[{"name":"wp","href":"https:\/\/api.w.org\/{rel}","templated":true}]}}