{"id":2397,"date":"2025-01-16T17:21:44","date_gmt":"2025-01-16T17:21:44","guid":{"rendered":"https:\/\/quantum2025.org\/organismes-dappui\/"},"modified":"2025-01-24T19:08:39","modified_gmt":"2025-01-24T19:08:39","slug":"organismes-dappui","status":"publish","type":"page","link":"https:\/\/quantum2025.org\/fr\/organismes-dappui\/","title":{"rendered":"Organismes d&rsquo;appui"},"content":{"rendered":"\t\t<div data-elementor-type=\"wp-page\" data-elementor-id=\"2397\" class=\"elementor elementor-2397 elementor-2395\" data-elementor-post-type=\"page\">\n\t\t\t\t<div class=\"elementor-element elementor-element-ba38969 e-con-full e-flex e-con e-parent\" data-id=\"ba38969\" data-element_type=\"container\" data-e-type=\"container\" data-settings=\"{&quot;jet_parallax_layout_list&quot;:[],&quot;background_background&quot;:&quot;gradient&quot;,&quot;_ha_eqh_enable&quot;:false}\">\n\t\t\t\t<div class=\"elementor-element elementor-element-cc0a7fb elementor-widget__width-initial elementor-widget-tablet__width-inherit elementor-invisible elementor-widget elementor-widget-ha-gradient-heading happy-addon ha-gradient-heading\" data-id=\"cc0a7fb\" data-element_type=\"widget\" data-e-type=\"widget\" data-settings=\"{&quot;_animation&quot;:&quot;fadeInUp&quot;}\" data-widget_type=\"ha-gradient-heading.default\">\n\t\t\t\t<div class=\"elementor-widget-container\">\n\t\t\t\t\t<h1 class=\"ha-gradient-heading\">Organismes d'appui<\/h1>\t\t\t\t<\/div>\n\t\t\t\t<\/div>\n\t\t\t\t<\/div>\n\t\t<div class=\"elementor-element elementor-element-6b9f02b e-flex e-con-boxed e-con e-parent\" data-id=\"6b9f02b\" data-element_type=\"container\" data-e-type=\"container\" data-settings=\"{&quot;jet_parallax_layout_list&quot;:[],&quot;_ha_eqh_enable&quot;:false}\">\n\t\t\t\t\t<div class=\"e-con-inner\">\n\t\t\t\t<div class=\"elementor-element elementor-element-7a0f02c elementor-widget__width-initial elementor-widget elementor-widget-text-editor\" data-id=\"7a0f02c\" data-element_type=\"widget\" data-e-type=\"widget\" data-widget_type=\"text-editor.default\">\n\t\t\t\t<div class=\"elementor-widget-container\">\n\t\t\t\t\t\t\t\t\t<p>Merci \u00e0 toutes les soci\u00e9t\u00e9s et organisations professionnelles qui ont approuv\u00e9 la proposition d&rsquo;Ann\u00e9e internationale des sciences et technologies quantiques et qui ont apport\u00e9 un soutien essentiel \u00e0 sa proclamation officielle.<\/p>\n\t\t\t\t\t\t\t\t<\/div>\n\t\t\t\t<\/div>\n\t\t\t\t<div class=\"elementor-element elementor-element-a582dd5 elementor-widget__width-inherit elementor-widget elementor-widget-jet-engine-component-180\" data-id=\"a582dd5\" data-element_type=\"widget\" data-e-type=\"widget\" data-widget_type=\"jet-engine-component-180.default\">\n\t\t\t\t<div class=\"elementor-widget-container\">\n\t\t\t\t\t<style>.elementor-180 .elementor-element.elementor-element-9feba97{--display:flex;--min-height:20px;}.elementor-180 .elementor-element.elementor-element-9feba97:not(.elementor-motion-effects-element-type-background), .elementor-180 .elementor-element.elementor-element-9feba97 > .elementor-motion-effects-container > .elementor-motion-effects-layer{background-color:transparent;background-image:linear-gradient(80deg, var(--jet-component-colorbar_control_1) 0%, var(--jet-component-colorbar_control_2) 100%);}@media(min-width:768px){.elementor-180 .elementor-element.elementor-element-9feba97{--content-width:100%;}}<\/style><style type=\"text\/css\">.jet-component-instance-1167.jet-listing-grid--180 .elementor-element.elementor-element-9feba97:not(.elementor-motion-effects-element-type-background), .jet-component-instance-1167.jet-listing-grid--180 .elementor-element.elementor-element-9feba97 > .elementor-motion-effects-container > .elementor-motion-effects-layer{background-color:var(--jet-component-colorbar_control_1);}<\/style>\t\t<div data-elementor-type=\"jet-engine-component\" data-elementor-id=\"180\" class=\"elementor elementor-180 jet-listing-grid--180 jet-component-instance-1167\" data-elementor-settings=\"{&quot;ha_cmc_init_switcher&quot;:&quot;no&quot;}\" data-elementor-post-type=\"jet-engine\" style=\"--jet-component-colorbar_control_1:var( --e-global-color-setup_wizard_cutom_color_1 );--jet-component-colorbar_control_2:var( --e-global-color-2316083 );\">\n\t\t\t\t<div class=\"elementor-element elementor-element-9feba97 e-flex e-con-boxed e-con e-parent\" data-id=\"9feba97\" data-element_type=\"container\" data-e-type=\"container\" data-settings=\"{&quot;background_background&quot;:&quot;gradient&quot;,&quot;jet_parallax_layout_list&quot;:[],&quot;_ha_eqh_enable&quot;:false}\">\n\t\t\t\t\t<div class=\"e-con-inner\">\n\t\t\t\t\t<\/div>\n\t\t\t\t<\/div>\n\t\t\t\t<\/div>\n\t\t\t\t\t\t<\/div>\n\t\t\t\t<\/div>\n\t\t\t\t<div class=\"elementor-element elementor-element-c1c0838 elementor-widget__width-initial elementor-widget elementor-widget-text-editor\" data-id=\"c1c0838\" data-element_type=\"widget\" data-e-type=\"widget\" data-widget_type=\"text-editor.default\">\n\t\t\t\t<div class=\"elementor-widget-container\">\n\t\t\t\t\t\t\t\t\t<p>Alikhanyan Laboratoire scientifique national d&rsquo;Arm\u00e9nie<\/p>\n<p>Centre international Abdus Salam de physique th\u00e9orique (CIPT)<\/p>\n<p>Acad\u00e9mie br\u00e9silienne des sciences (ABC)<\/p>\n<p>Acad\u00e9mie des sciences d&rsquo;Am\u00e9rique latine (ACAL)<\/p>\n<p>Academia Nacional de Ciencias Exactas F\u00edsicas y Naturales de Argentina (ANCEFN)<\/p>\n<p>Acad\u00e9mie africaine des sciences (AAS)<\/p>\n<p>Soci\u00e9t\u00e9 africaine de physique (AfPS)<\/p>\n<p>Akademie v\u011bd \u010cesk\u00e9 republiky (AVCR)<\/p>\n<p>Soci\u00e9t\u00e9 am\u00e9ricaine de physique (APS)<\/p>\n<p>Asociaci\u00f3n F\u00edsica Argentina (AFA)<\/p>\n<p>Asociaci\u00f3n Paraguaya de F\u00edsica (AFP)<\/p>\n<p>Association des soci\u00e9t\u00e9s de physique de l&rsquo;Asie et du Pacifique (AAPPS)<\/p>\n<p>Association des math\u00e9maticiens, physiciens et astronomes de Slov\u00e9nie (DMFA Slovenije)<\/p>\n<p>Union internationale de l&rsquo;astronomie (AIU)<\/p>\n<p>Institut australien de physique (AIP)<\/p>\n<p>Soci\u00e9t\u00e9 autrichienne de physique (\u00d6PG)<\/p>\n<p>Association canadienne des physiciens (CAP)<\/p>\n<p>Centre pour les technologies quantiques, Singapour (CQT)<\/p>\n<p>Organisation de recherche scientifique et industrielle du Commonwealth (CSIRO)<\/p>\n<p>Confederaci\u00f3n de Sociedades Cient\u00edficas de Espa\u00f1a (COSCE)<\/p>\n<p>Soci\u00e9t\u00e9 danoise de physique (DFS)<\/p>\n<p>Centre Dodd-Walls pour les technologies photoniques et quantiques (DWC)<\/p>\n<p>Soci\u00e9t\u00e9 europ\u00e9enne de physique (EPS)<\/p>\n<p>Federaci\u00f3n Iberoamericana de Sociedades de F\u00edsica (FEIASOFI)<\/p>\n<p>Soci\u00e9t\u00e9 allemande de physique (DPG)<\/p>\n<p>Acad\u00e9mie Hassan II des sciences et technologies<\/p>\n<p>Soci\u00e9t\u00e9 hongroise de physique<\/p>\n<p>Laboratoire ib\u00e9rique de nanotechnologie (INL)<\/p>\n<p>Association indienne des professeurs de physique (IAPT)<\/p>\n<p>Association indienne de physique (IPA)<\/p>\n<p>Institut de recherche physique<\/p>\n<p>Institut des ing\u00e9nieurs \u00e9lectriciens et \u00e9lectroniciens (IEEE)<\/p>\n<p>Institut de physique de Singapour (IPS)<\/p>\n<p>Institut de physique UK-Irlande (IOP)<\/p>\n<p>Association internationale des \u00e9tudiants en physique (IAPS)<\/p>\n<p>Union astronomique internationale (UAI)<\/p>\n<p>Commission internationale d&rsquo;optique (ICO)<\/p>\n<p>Laboratoire international ib\u00e9rique de nanotechnologie (INL)<\/p>\n<p>Union internationale de cristallographie (UICR)<\/p>\n<p>Union internationale d&rsquo;histoire et de philosophie des sciences et des technologies (UIHPST)<\/p>\n<p>Union internationale de chimie pure et appliqu\u00e9e (UICPA)<\/p>\n<p>Union internationale de physique pure et appliqu\u00e9e (UIPPA)<\/p>\n<p>Soci\u00e9t\u00e9 italienne de physique (SIF)<\/p>\n<p>Soci\u00e9t\u00e9 cor\u00e9enne de physique (KPS)<\/p>\n<p>L&rsquo;Acad\u00e9mie nationale des Sciences, Arts et Lettres du B\u00e9nin (ANSALB)<\/p>\n<p>MATI\u00c8RE<\/p>\n<p>Acad\u00e9mie mauricienne des sciences et de la technologie<\/p>\n<p>Soci\u00e9t\u00e9 Max Planck (MPS)<\/p>\n<p>Nederlandse Natuurkundige Vereniging (NNV) (Association n\u00e9erlandaise pour la protection de la nature)<\/p>\n<p>R\u00e9seau des acad\u00e9mies des sciences africaines (NASAC)<\/p>\n<p>Institut n\u00e9o-z\u00e9landais de physique (NZIP)<\/p>\n<p>Optica (anciennement OSA)<\/p>\n<p>Acad\u00e9mie des sciences du Pakistan (PAS)<\/p>\n<p>Institut P\u00e9rim\u00e8tre<\/p>\n<p>Soci\u00e9t\u00e9 de physique de Hong Kong (PSHK)<\/p>\n<p>Soci\u00e9t\u00e9 d&rsquo;informatique quantique des Philippines (QCSP)<\/p>\n<p>Centre de recherche quantique \u00e0 l&rsquo;Institut d&rsquo;innovation technologique d&rsquo;Abou Dhabi (TII)<\/p>\n<p>Real Sociedad Espa\u00f1ola de F\u00edsica (RSEF)<\/p>\n<p>Real Sociedad Matem\u00e1tica Espa\u00f1ola (RSME)<\/p>\n<p>Acad\u00e9mie russe des sciences<\/p>\n<p>Soci\u00e9t\u00e9 russe de physique<\/p>\n<p>Soci\u00e9t\u00e9 espagnole d&rsquo;optique (SEDOPTICA)<\/p>\n<p>Soci\u00e9t\u00e9 mexicaine de physique (SMF)<\/p>\n<p>Soci\u00e9t\u00e9 v\u00e9n\u00e9zu\u00e9lienne de science (SVF)<\/p>\n<p>Sociedade Brasileira de F\u00edsica (SBF)<\/p>\n<p>Soci\u00e9t\u00e9 Fran\u00e7aise de Physique (SFP)<\/p>\n<p>Institut chimique sud-africain<\/p>\n<p>Institut sud-africain de physique (SAIP)<\/p>\n<p>SPIE, la soci\u00e9t\u00e9 internationale d&rsquo;optique et de photonique<\/p>\n<p>Soci\u00e9t\u00e9 suisse de physique (SPS)<\/p>\n<p>La soci\u00e9t\u00e9 chinoise d&rsquo;optique (COS)<\/p>\n<p>L&rsquo;Institut des sciences photoniques (ICFO)<\/p>\n<p>La Soci\u00e9t\u00e9 de physique de Taipei (TPS)<\/p>\n<p>Soci\u00e9t\u00e9 de physique du Japon (JPS)<\/p>\n<p>Acad\u00e9mie mondiale des sciences (TWAS)<\/p>\n<p>T\u00fcrkiye, Acad\u00e9mie des sciences &#8211; Bilim Akademisi<\/p>\n\t\t\t\t\t\t\t\t<\/div>\n\t\t\t\t<\/div>\n\t\t<div class=\"elementor-element elementor-element-430bb0f e-con-full elementor-hidden-mobile e-flex e-con e-child\" data-id=\"430bb0f\" data-element_type=\"container\" data-e-type=\"container\" data-settings=\"{&quot;jet_parallax_layout_list&quot;:[],&quot;_ha_eqh_enable&quot;:false}\">\n\t\t\t\t<div class=\"elementor-element elementor-element-2263676 elementor-widget elementor-widget-raven-site-logo\" data-id=\"2263676\" data-element_type=\"widget\" data-e-type=\"widget\" data-widget_type=\"raven-site-logo.default\">\n\t\t\t\t<div class=\"elementor-widget-container\">\n\t\t\t\t\t\t\t<div class=\"raven-widget-wrapper\">\n\t\t\t<div class=\"raven-site-logo\">\n\t\t\t\t\t\t\t\t\t<a class=\"raven-site-logo-link\" href=\"https:\/\/quantum2025.org\/fr\/\">\n\t\t\t\t\t\t\t\t<picture><img alt=\"IYQ 2025\" data-no-lazy=\"1\" src=' https:\/\/quantum2025.org\/wp-content\/uploads\/2024\/12\/IYQST-Logomark-FC.png '><\/picture>\t\t\t\t\t\t\t\t\t<\/a>\n\t\t\t\t\t\t\t<\/div>\n\t\t<\/div>\n\t\t\t\t\t\t<\/div>\n\t\t\t\t<\/div>\n\t\t\t\t<\/div>\n\t\t\t\t\t<\/div>\n\t\t\t\t<\/div>\n\t\t\t\t<\/div>\n\t\t","protected":false},"excerpt":{"rendered":"<p>Merci \u00e0 toutes les soci\u00e9t\u00e9s et organisations professionnelles qui ont approuv\u00e9 la proposition d&rsquo;Ann\u00e9e internationale des sciences et technologies quantiques et qui ont apport\u00e9 un soutien essentiel \u00e0 sa proclamation officielle. Alikhanyan Laboratoire scientifique national d&rsquo;Arm\u00e9nie Centre international Abdus Salam de physique th\u00e9orique (CIPT) Acad\u00e9mie br\u00e9silienne des sciences (ABC) Acad\u00e9mie des sciences d&rsquo;Am\u00e9rique latine (ACAL) [&hellip;]<\/p>\n","protected":false},"author":2,"featured_media":2202,"parent":0,"menu_order":0,"comment_status":"closed","ping_status":"closed","template":"elementor_header_footer","meta":{"_acf_changed":false,"footnotes":""},"class_list":["post-2397","page","type-page","status-publish","has-post-thumbnail","hentry"],"acf":[],"yoast_head":"<!-- This site is optimized with the Yoast SEO plugin v27.0 - https:\/\/yoast.com\/product\/yoast-seo-wordpress\/ -->\n<title>Organismes d&#039;appui<\/title>\n<meta name=\"description\" content=\"Les dirigeants de l&#039;AQI expriment leur gratitude \u00e0 leurs partenaires pour avoir reconnu l&#039;importance profonde de la science quantique, \u00e0 la fois dans ses contributions historiques et dans son potentiel futur.\" \/>\n<meta name=\"robots\" content=\"index, follow, max-snippet:-1, max-image-preview:large, max-video-preview:-1\" \/>\n<meta property=\"og:locale\" content=\"fr_FR\" \/>\n<meta property=\"og:type\" content=\"article\" \/>\n<meta property=\"og:title\" content=\"Organismes d&#039;appui\" \/>\n<meta property=\"og:description\" content=\"Les dirigeants de l&#039;AQI expriment leur gratitude \u00e0 leurs partenaires pour avoir reconnu l&#039;importance profonde de la science quantique, \u00e0 la fois dans ses contributions historiques et dans son potentiel futur.\" \/>\n<meta property=\"og:url\" content=\"https:\/\/quantum2025.org\/endorsing-organizations\/\" \/>\n<meta property=\"og:site_name\" content=\"IYQ 2025\" \/>\n<meta property=\"article:publisher\" content=\"https:\/\/www.facebook.com\/quantumyear2025\" \/>\n<meta property=\"article:modified_time\" content=\"2025-01-24T19:08:39+00:00\" \/>\n<meta property=\"og:image\" content=\"https:\/\/quantum2025.org\/wp-content\/uploads\/2024\/12\/IYQST-Logomark-FC.png\" \/>\n\t<meta property=\"og:image:width\" content=\"382\" \/>\n\t<meta property=\"og:image:height\" content=\"374\" \/>\n\t<meta property=\"og:image:type\" content=\"image\/png\" \/>\n<meta name=\"twitter:card\" content=\"summary_large_image\" \/>\n<meta name=\"twitter:site\" content=\"@QuantumYear2025\" \/>\n<meta name=\"twitter:label1\" content=\"Est. reading time\" \/>\n\t<meta name=\"twitter:data1\" content=\"3 minutes\" \/>\n<script type=\"application\/ld+json\" class=\"yoast-schema-graph\">{\"@context\":\"https:\/\/schema.org\",\"@graph\":[{\"@type\":\"WebPage\",\"@id\":\"https:\/\/quantum2025.org\/endorsing-organizations\/\",\"url\":\"https:\/\/quantum2025.org\/endorsing-organizations\/\",\"name\":\"Organismes d'appui\",\"isPartOf\":{\"@id\":\"https:\/\/quantum2025.org\/#website\"},\"primaryImageOfPage\":{\"@id\":\"https:\/\/quantum2025.org\/endorsing-organizations\/#primaryimage\"},\"image\":{\"@id\":\"https:\/\/quantum2025.org\/endorsing-organizations\/#primaryimage\"},\"thumbnailUrl\":\"https:\/\/quantum2025.org\/wp-content\/uploads\/2024\/12\/IYQST-Logomark-FC.png\",\"datePublished\":\"2025-01-16T17:21:44+00:00\",\"dateModified\":\"2025-01-24T19:08:39+00:00\",\"description\":\"Les dirigeants de l'AQI expriment leur gratitude \u00e0 leurs partenaires pour avoir reconnu l'importance profonde de la science quantique, \u00e0 la fois dans ses contributions historiques et dans son potentiel futur.\",\"breadcrumb\":{\"@id\":\"https:\/\/quantum2025.org\/endorsing-organizations\/#breadcrumb\"},\"inLanguage\":\"fr-FR\",\"potentialAction\":[{\"@type\":\"ReadAction\",\"target\":[\"https:\/\/quantum2025.org\/endorsing-organizations\/\"]}]},{\"@type\":\"ImageObject\",\"inLanguage\":\"fr-FR\",\"@id\":\"https:\/\/quantum2025.org\/endorsing-organizations\/#primaryimage\",\"url\":\"https:\/\/quantum2025.org\/wp-content\/uploads\/2024\/12\/IYQST-Logomark-FC.png\",\"contentUrl\":\"https:\/\/quantum2025.org\/wp-content\/uploads\/2024\/12\/IYQST-Logomark-FC.png\",\"width\":382,\"height\":374},{\"@type\":\"BreadcrumbList\",\"@id\":\"https:\/\/quantum2025.org\/endorsing-organizations\/#breadcrumb\",\"itemListElement\":[{\"@type\":\"ListItem\",\"position\":1,\"name\":\"Home\",\"item\":\"https:\/\/quantum2025.org\/\"},{\"@type\":\"ListItem\",\"position\":2,\"name\":\"Organismes d&#8217;appui\"}]},{\"@type\":\"WebSite\",\"@id\":\"https:\/\/quantum2025.org\/#website\",\"url\":\"https:\/\/quantum2025.org\/\",\"name\":\"IYQ 2025\",\"description\":\"International Year of Quantum\",\"potentialAction\":[{\"@type\":\"SearchAction\",\"target\":{\"@type\":\"EntryPoint\",\"urlTemplate\":\"https:\/\/quantum2025.org\/?s={search_term_string}\"},\"query-input\":{\"@type\":\"PropertyValueSpecification\",\"valueRequired\":true,\"valueName\":\"search_term_string\"}}],\"inLanguage\":\"fr-FR\"}]}<\/script>\n<!-- \/ Yoast SEO plugin. -->","yoast_head_json":{"title":"Organismes d'appui","description":"Les dirigeants de l'AQI expriment leur gratitude \u00e0 leurs partenaires pour avoir reconnu l'importance profonde de la science quantique, \u00e0 la fois dans ses contributions historiques et dans son potentiel futur.","robots":{"index":"index","follow":"follow","max-snippet":"max-snippet:-1","max-image-preview":"max-image-preview:large","max-video-preview":"max-video-preview:-1"},"og_locale":"fr_FR","og_type":"article","og_title":"Organismes d'appui","og_description":"Les dirigeants de l'AQI expriment leur gratitude \u00e0 leurs partenaires pour avoir reconnu l'importance profonde de la science quantique, \u00e0 la fois dans ses contributions historiques et dans son potentiel futur.","og_url":"https:\/\/quantum2025.org\/endorsing-organizations\/","og_site_name":"IYQ 2025","article_publisher":"https:\/\/www.facebook.com\/quantumyear2025","article_modified_time":"2025-01-24T19:08:39+00:00","og_image":[{"width":382,"height":374,"url":"https:\/\/quantum2025.org\/wp-content\/uploads\/2024\/12\/IYQST-Logomark-FC.png","type":"image\/png"}],"twitter_card":"summary_large_image","twitter_site":"@QuantumYear2025","twitter_misc":{"Est. reading time":"3 minutes"},"schema":{"@context":"https:\/\/schema.org","@graph":[{"@type":"WebPage","@id":"https:\/\/quantum2025.org\/endorsing-organizations\/","url":"https:\/\/quantum2025.org\/endorsing-organizations\/","name":"Organismes d'appui","isPartOf":{"@id":"https:\/\/quantum2025.org\/#website"},"primaryImageOfPage":{"@id":"https:\/\/quantum2025.org\/endorsing-organizations\/#primaryimage"},"image":{"@id":"https:\/\/quantum2025.org\/endorsing-organizations\/#primaryimage"},"thumbnailUrl":"https:\/\/quantum2025.org\/wp-content\/uploads\/2024\/12\/IYQST-Logomark-FC.png","datePublished":"2025-01-16T17:21:44+00:00","dateModified":"2025-01-24T19:08:39+00:00","description":"Les dirigeants de l'AQI expriment leur gratitude \u00e0 leurs partenaires pour avoir reconnu l'importance profonde de la science quantique, \u00e0 la fois dans ses contributions historiques et dans son potentiel futur.","breadcrumb":{"@id":"https:\/\/quantum2025.org\/endorsing-organizations\/#breadcrumb"},"inLanguage":"fr-FR","potentialAction":[{"@type":"ReadAction","target":["https:\/\/quantum2025.org\/endorsing-organizations\/"]}]},{"@type":"ImageObject","inLanguage":"fr-FR","@id":"https:\/\/quantum2025.org\/endorsing-organizations\/#primaryimage","url":"https:\/\/quantum2025.org\/wp-content\/uploads\/2024\/12\/IYQST-Logomark-FC.png","contentUrl":"https:\/\/quantum2025.org\/wp-content\/uploads\/2024\/12\/IYQST-Logomark-FC.png","width":382,"height":374},{"@type":"BreadcrumbList","@id":"https:\/\/quantum2025.org\/endorsing-organizations\/#breadcrumb","itemListElement":[{"@type":"ListItem","position":1,"name":"Home","item":"https:\/\/quantum2025.org\/"},{"@type":"ListItem","position":2,"name":"Organismes d&#8217;appui"}]},{"@type":"WebSite","@id":"https:\/\/quantum2025.org\/#website","url":"https:\/\/quantum2025.org\/","name":"IYQ 2025","description":"International Year of Quantum","potentialAction":[{"@type":"SearchAction","target":{"@type":"EntryPoint","urlTemplate":"https:\/\/quantum2025.org\/?s={search_term_string}"},"query-input":{"@type":"PropertyValueSpecification","valueRequired":true,"valueName":"search_term_string"}}],"inLanguage":"fr-FR"}]}},"_links":{"self":[{"href":"https:\/\/quantum2025.org\/fr\/wp-json\/wp\/v2\/pages\/2397","targetHints":{"allow":["GET"]}}],"collection":[{"href":"https:\/\/quantum2025.org\/fr\/wp-json\/wp\/v2\/pages"}],"about":[{"href":"https:\/\/quantum2025.org\/fr\/wp-json\/wp\/v2\/types\/page"}],"author":[{"embeddable":true,"href":"https:\/\/quantum2025.org\/fr\/wp-json\/wp\/v2\/users\/2"}],"replies":[{"embeddable":true,"href":"https:\/\/quantum2025.org\/fr\/wp-json\/wp\/v2\/comments?post=2397"}],"version-history":[{"count":0,"href":"https:\/\/quantum2025.org\/fr\/wp-json\/wp\/v2\/pages\/2397\/revisions"}],"wp:featuredmedia":[{"embeddable":true,"href":"https:\/\/quantum2025.org\/fr\/wp-json\/wp\/v2\/media\/2202"}],"wp:attachment":[{"href":"https:\/\/quantum2025.org\/fr\/wp-json\/wp\/v2\/media?parent=2397"}],"curies":[{"name":"wp","href":"https:\/\/api.w.org\/{rel}","templated":true}]}}