{"id":2396,"date":"2025-01-16T17:21:44","date_gmt":"2025-01-16T17:21:44","guid":{"rendered":"https:\/\/quantum2025.org\/organizaciones-de-apoyo\/"},"modified":"2025-01-24T19:08:39","modified_gmt":"2025-01-24T19:08:39","slug":"organizaciones-de-apoyo","status":"publish","type":"page","link":"https:\/\/quantum2025.org\/es\/organizaciones-de-apoyo\/","title":{"rendered":"Organizaciones de apoyo"},"content":{"rendered":"\t\t<div data-elementor-type=\"wp-page\" data-elementor-id=\"2396\" class=\"elementor elementor-2396 elementor-2395\" data-elementor-post-type=\"page\">\n\t\t\t\t<div class=\"elementor-element elementor-element-ba38969 e-con-full e-flex e-con e-parent\" data-id=\"ba38969\" data-element_type=\"container\" data-e-type=\"container\" data-settings=\"{&quot;jet_parallax_layout_list&quot;:[],&quot;background_background&quot;:&quot;gradient&quot;,&quot;_ha_eqh_enable&quot;:false}\">\n\t\t\t\t<div class=\"elementor-element elementor-element-cc0a7fb elementor-widget__width-initial elementor-widget-tablet__width-inherit elementor-invisible elementor-widget elementor-widget-ha-gradient-heading happy-addon ha-gradient-heading\" data-id=\"cc0a7fb\" data-element_type=\"widget\" data-e-type=\"widget\" data-settings=\"{&quot;_animation&quot;:&quot;fadeInUp&quot;}\" data-widget_type=\"ha-gradient-heading.default\">\n\t\t\t\t<div class=\"elementor-widget-container\">\n\t\t\t\t\t<h1 class=\"ha-gradient-heading\">Organizaciones de apoyo<\/h1>\t\t\t\t<\/div>\n\t\t\t\t<\/div>\n\t\t\t\t<\/div>\n\t\t<div class=\"elementor-element elementor-element-6b9f02b e-flex e-con-boxed e-con e-parent\" data-id=\"6b9f02b\" data-element_type=\"container\" data-e-type=\"container\" data-settings=\"{&quot;jet_parallax_layout_list&quot;:[],&quot;_ha_eqh_enable&quot;:false}\">\n\t\t\t\t\t<div class=\"e-con-inner\">\n\t\t\t\t<div class=\"elementor-element elementor-element-7a0f02c elementor-widget__width-initial elementor-widget elementor-widget-text-editor\" data-id=\"7a0f02c\" data-element_type=\"widget\" data-e-type=\"widget\" data-widget_type=\"text-editor.default\">\n\t\t\t\t<div class=\"elementor-widget-container\">\n\t\t\t\t\t\t\t\t\t<p>Gracias a todas las sociedades y organizaciones profesionales que respaldaron la propuesta del A\u00f1o Internacional de la Ciencia y la Tecnolog\u00eda Cu\u00e1nticas y prestaron un apoyo crucial para ayudar a lograr su proclamaci\u00f3n oficial.<\/p>\n\t\t\t\t\t\t\t\t<\/div>\n\t\t\t\t<\/div>\n\t\t\t\t<div class=\"elementor-element elementor-element-a582dd5 elementor-widget__width-inherit elementor-widget elementor-widget-jet-engine-component-180\" data-id=\"a582dd5\" data-element_type=\"widget\" data-e-type=\"widget\" data-widget_type=\"jet-engine-component-180.default\">\n\t\t\t\t<div class=\"elementor-widget-container\">\n\t\t\t\t\t<style>.elementor-180 .elementor-element.elementor-element-9feba97{--display:flex;--min-height:20px;}.elementor-180 .elementor-element.elementor-element-9feba97:not(.elementor-motion-effects-element-type-background), .elementor-180 .elementor-element.elementor-element-9feba97 > .elementor-motion-effects-container > .elementor-motion-effects-layer{background-color:transparent;background-image:linear-gradient(80deg, var(--jet-component-colorbar_control_1) 0%, var(--jet-component-colorbar_control_2) 100%);}@media(min-width:768px){.elementor-180 .elementor-element.elementor-element-9feba97{--content-width:100%;}}<\/style><style type=\"text\/css\">.jet-component-instance-3023.jet-listing-grid--180 .elementor-element.elementor-element-9feba97:not(.elementor-motion-effects-element-type-background), .jet-component-instance-3023.jet-listing-grid--180 .elementor-element.elementor-element-9feba97 > .elementor-motion-effects-container > .elementor-motion-effects-layer{background-color:var(--jet-component-colorbar_control_1);}<\/style>\t\t<div data-elementor-type=\"jet-engine-component\" data-elementor-id=\"180\" class=\"elementor elementor-180 jet-listing-grid--180 jet-component-instance-3023\" data-elementor-settings=\"{&quot;ha_cmc_init_switcher&quot;:&quot;no&quot;}\" data-elementor-post-type=\"jet-engine\" style=\"--jet-component-colorbar_control_1:var( --e-global-color-setup_wizard_cutom_color_1 );--jet-component-colorbar_control_2:var( --e-global-color-2316083 );\">\n\t\t\t\t<div class=\"elementor-element elementor-element-9feba97 e-flex e-con-boxed e-con e-parent\" data-id=\"9feba97\" data-element_type=\"container\" data-e-type=\"container\" data-settings=\"{&quot;background_background&quot;:&quot;gradient&quot;,&quot;jet_parallax_layout_list&quot;:[],&quot;_ha_eqh_enable&quot;:false}\">\n\t\t\t\t\t<div class=\"e-con-inner\">\n\t\t\t\t\t<\/div>\n\t\t\t\t<\/div>\n\t\t\t\t<\/div>\n\t\t\t\t\t\t<\/div>\n\t\t\t\t<\/div>\n\t\t\t\t<div class=\"elementor-element elementor-element-c1c0838 elementor-widget__width-initial elementor-widget elementor-widget-text-editor\" data-id=\"c1c0838\" data-element_type=\"widget\" data-e-type=\"widget\" data-widget_type=\"text-editor.default\">\n\t\t\t\t<div class=\"elementor-widget-container\">\n\t\t\t\t\t\t\t\t\t<p>Alikhanyan Laboratorio Nacional de Ciencias de Armenia<\/p>\n<p>Centro Internacional Abdus Salam de F\u00edsica Te\u00f3rica (CIFT)<\/p>\n<p>Academia Brasile\u00f1a de Ciencias (ABC)<\/p>\n<p>Academia de Ciencias de Am\u00e9rica Latina (ACAL)<\/p>\n<p>Academia Nacional de Ciencias Exactas F\u00edsicas y Naturales de Argentina (ANCEFN)<\/p>\n<p>Academia Africana de Ciencias (AAS)<\/p>\n<p>Sociedad Africana de F\u00edsica (AfPS)<\/p>\n<p>Akademie v\u011bd \u010cesk\u00e9 republiky (AVCR)<\/p>\n<p>Sociedad Americana de F\u00edsica (APS)<\/p>\n<p>Asociaci\u00f3n F\u00edsica Argentina (AFA)<\/p>\n<p>Asociaci\u00f3n Paraguaya de F\u00edsica (AFP)<\/p>\n<p>Asociaci\u00f3n de Sociedades de F\u00edsica de Asia y el Pac\u00edfico (AAPPS)<\/p>\n<p>Asociaci\u00f3n de Matem\u00e1ticos, F\u00edsicos y Astr\u00f3nomos de Eslovenia (DMFA Slovenije)<\/p>\n<p>Uni\u00f3n Internacional Astron\u00f3mica (AIU)<\/p>\n<p>Instituto Australiano de F\u00edsica (AIP)<\/p>\n<p>Sociedad Austriaca de F\u00edsica (\u00d6PG)<\/p>\n<p>Asociaci\u00f3n Canadiense de F\u00edsicos (CAP)<\/p>\n<p>Centro de Tecnolog\u00edas Cu\u00e1nticas de Singapur (CQT)<\/p>\n<p>Organizaci\u00f3n de Investigaci\u00f3n Cient\u00edfica e Industrial de la Commonwealth (CSIRO)<\/p>\n<p>Confederaci\u00f3n de Sociedades Cient\u00edficas de Espa\u00f1a (COSCE)<\/p>\n<p>Sociedad Danesa de F\u00edsica (DFS)<\/p>\n<p>Centro Dodd-Walls de Tecnolog\u00edas Fot\u00f3nicas y Cu\u00e1nticas (DWC)<\/p>\n<p>Sociedad Europea de F\u00edsica (EPS)<\/p>\n<p>Federaci\u00f3n Iberoamericana de Sociedades de F\u00edsica (FEIASOFI)<\/p>\n<p>Sociedad Alemana de F\u00edsica (DPG)<\/p>\n<p>Academia Hassan II de Ciencia y Tecnolog\u00eda<\/p>\n<p>Sociedad H\u00fangara de F\u00edsica<\/p>\n<p>Laboratorio Ib\u00e9rico de Nanotecnolog\u00eda (INL)<\/p>\n<p>Asociaci\u00f3n India de Profesores de F\u00edsica (IAPT)<\/p>\n<p>Asociaci\u00f3n India de F\u00edsica (IPA)<\/p>\n<p>Instituto de Investigaci\u00f3n F\u00edsica<\/p>\n<p>Instituto de Ingenieros El\u00e9ctricos y Electr\u00f3nicos (IEEE)<\/p>\n<p>Instituto de F\u00edsica de Singapur (IPS)<\/p>\n<p>Instituto de F\u00edsica Reino Unido-Irlanda (IOP)<\/p>\n<p>Asociaci\u00f3n Internacional de Estudiantes de F\u00edsica (IAPS)<\/p>\n<p>Uni\u00f3n Astron\u00f3mica Internacional (UAI)<\/p>\n<p>Comisi\u00f3n Internacional de \u00d3ptica (ICO)<\/p>\n<p>Laboratorio Ib\u00e9rico Internacional de Nanotecnolog\u00eda (INL)<\/p>\n<p>Uni\u00f3n Internacional de Cristalograf\u00eda (IUCr)<\/p>\n<p>Uni\u00f3n Internacional de Historia y Filosof\u00eda de la Ciencia y la Tecnolog\u00eda (IUHPST)<\/p>\n<p>Uni\u00f3n Internacional de Qu\u00edmica Pura y Aplicada (IUPAC)<\/p>\n<p>Uni\u00f3n Internacional de F\u00edsica Pura y Aplicada (IUPAP)<\/p>\n<p>Sociedad Italiana de F\u00edsica (SIF)<\/p>\n<p>Sociedad Coreana de F\u00edsica (KPS)<\/p>\n<p>La Academia Nacional de Ciencias, Artes y Letras de Ben\u00edn (ANSALB)<\/p>\n<p>MATERIA<\/p>\n<p>Academia de Ciencia y Tecnolog\u00eda de Mauricio<\/p>\n<p>Sociedad Max Planck (MPS)<\/p>\n<p>Nederlandse Natuurkundige Vereniging (NNV)<\/p>\n<p>Red de Academias Africanas de Ciencias (NASAC)<\/p>\n<p>Instituto de F\u00edsica de Nueva Zelanda (NZIP)<\/p>\n<p>\u00d3ptica (antes OSA)<\/p>\n<p>Academia de Ciencias de Pakist\u00e1n (PAS)<\/p>\n<p>Instituto Perimeter<\/p>\n<p>Sociedad de F\u00edsica de Hong Kong (PSHK)<\/p>\n<p>Sociedad de Computaci\u00f3n Cu\u00e1ntica de Filipinas (QCSP)<\/p>\n<p>Centro de Investigaci\u00f3n Cu\u00e1ntica del Instituto de Innovaci\u00f3n Tecnol\u00f3gica de Abu Dhabi (TII)<\/p>\n<p>Real Sociedad Espa\u00f1ola de F\u00edsica (RSEF)<\/p>\n<p>Real Sociedad Matem\u00e1tica Espa\u00f1ola (RSME)<\/p>\n<p>Academia Rusa de las Ciencias<\/p>\n<p>Sociedad Rusa de F\u00edsica<\/p>\n<p>Sociedad Espa\u00f1ola de \u00d3ptica (SEDOPTICA)<\/p>\n<p>Sociedad Mexicana de F\u00edsica (SMF)<\/p>\n<p>Sociedad Venezolana de F\u00edsica (SVF)<\/p>\n<p>Sociedad Brasile\u00f1a de F\u00edsica (SBF)<\/p>\n<p>Sociedad Francesa de F\u00edsica (SFP)<\/p>\n<p>Instituto Qu\u00edmico Sudafricano<\/p>\n<p>Instituto Sudafricano de F\u00edsica (SAIP)<\/p>\n<p>SPIE, la sociedad internacional de \u00f3ptica y fot\u00f3nica<\/p>\n<p>Sociedad Suiza de F\u00edsica (SPS)<\/p>\n<p>La Sociedad \u00d3ptica China (COS)<\/p>\n<p>Instituto de Ciencias Fot\u00f3nicas (ICFO)<\/p>\n<p>La Sociedad de F\u00edsica de Taipei (TPS)<\/p>\n<p>La Sociedad de F\u00edsica de Jap\u00f3n (JPS)<\/p>\n<p>La Academia Mundial de Ciencias (TWAS)<\/p>\n<p>T\u00fcrkiye, Academia de Ciencias &#8211; Bilim Akademisi<\/p>\n\t\t\t\t\t\t\t\t<\/div>\n\t\t\t\t<\/div>\n\t\t<div class=\"elementor-element elementor-element-430bb0f e-con-full elementor-hidden-mobile e-flex e-con e-child\" data-id=\"430bb0f\" data-element_type=\"container\" data-e-type=\"container\" data-settings=\"{&quot;jet_parallax_layout_list&quot;:[],&quot;_ha_eqh_enable&quot;:false}\">\n\t\t\t\t<div class=\"elementor-element elementor-element-2263676 elementor-widget elementor-widget-raven-site-logo\" data-id=\"2263676\" data-element_type=\"widget\" data-e-type=\"widget\" data-widget_type=\"raven-site-logo.default\">\n\t\t\t\t<div class=\"elementor-widget-container\">\n\t\t\t\t\t\t\t<div class=\"raven-widget-wrapper\">\n\t\t\t<div class=\"raven-site-logo\">\n\t\t\t\t\t\t\t\t\t<a class=\"raven-site-logo-link\" href=\"https:\/\/quantum2025.org\/es\/\">\n\t\t\t\t\t\t\t\t<picture><img alt=\"IYQ 2025\" data-no-lazy=\"1\" src=' https:\/\/quantum2025.org\/wp-content\/uploads\/2024\/12\/IYQST-Logomark-FC.png '><\/picture>\t\t\t\t\t\t\t\t\t<\/a>\n\t\t\t\t\t\t\t<\/div>\n\t\t<\/div>\n\t\t\t\t\t\t<\/div>\n\t\t\t\t<\/div>\n\t\t\t\t<\/div>\n\t\t\t\t\t<\/div>\n\t\t\t\t<\/div>\n\t\t\t\t<\/div>\n\t\t","protected":false},"excerpt":{"rendered":"<p>Gracias a todas las sociedades y organizaciones profesionales que respaldaron la propuesta del A\u00f1o Internacional de la Ciencia y la Tecnolog\u00eda Cu\u00e1nticas y prestaron un apoyo crucial para ayudar a lograr su proclamaci\u00f3n oficial. Alikhanyan Laboratorio Nacional de Ciencias de Armenia Centro Internacional Abdus Salam de F\u00edsica Te\u00f3rica (CIFT) Academia Brasile\u00f1a de Ciencias (ABC) Academia [&hellip;]<\/p>\n","protected":false},"author":2,"featured_media":2203,"parent":0,"menu_order":0,"comment_status":"closed","ping_status":"closed","template":"elementor_header_footer","meta":{"_acf_changed":false,"footnotes":""},"class_list":["post-2396","page","type-page","status-publish","has-post-thumbnail","hentry"],"acf":[],"yoast_head":"<!-- This site is optimized with the Yoast SEO plugin v27.0 - https:\/\/yoast.com\/product\/yoast-seo-wordpress\/ -->\n<title>Organizaciones de apoyo<\/title>\n<meta name=\"description\" content=\"La direcci\u00f3n del AIC hace extensiva nuestra gratitud a nuestros socios por reconocer la profunda importancia de la ciencia cu\u00e1ntica, tanto en sus aportaciones hist\u00f3ricas como en su potencial futuro.\" \/>\n<meta name=\"robots\" content=\"index, follow, max-snippet:-1, max-image-preview:large, max-video-preview:-1\" \/>\n<meta property=\"og:locale\" content=\"es_ES\" \/>\n<meta property=\"og:type\" content=\"article\" \/>\n<meta property=\"og:title\" content=\"Organizaciones de apoyo\" \/>\n<meta property=\"og:description\" content=\"La direcci\u00f3n del AIC hace extensiva nuestra gratitud a nuestros socios por reconocer la profunda importancia de la ciencia cu\u00e1ntica, tanto en sus aportaciones hist\u00f3ricas como en su potencial futuro.\" \/>\n<meta property=\"og:url\" content=\"https:\/\/quantum2025.org\/endorsing-organizations\/\" \/>\n<meta property=\"og:site_name\" content=\"IYQ 2025\" \/>\n<meta property=\"article:publisher\" content=\"https:\/\/www.facebook.com\/quantumyear2025\" \/>\n<meta property=\"article:modified_time\" content=\"2025-01-24T19:08:39+00:00\" \/>\n<meta property=\"og:image\" content=\"https:\/\/quantum2025.org\/wp-content\/uploads\/2024\/12\/IYQST-Logomark-FC.png\" \/>\n\t<meta property=\"og:image:width\" content=\"382\" \/>\n\t<meta property=\"og:image:height\" content=\"374\" \/>\n\t<meta property=\"og:image:type\" content=\"image\/png\" \/>\n<meta name=\"twitter:card\" content=\"summary_large_image\" \/>\n<meta name=\"twitter:site\" content=\"@QuantumYear2025\" \/>\n<meta name=\"twitter:label1\" content=\"Est. reading time\" \/>\n\t<meta name=\"twitter:data1\" content=\"3 minutos\" \/>\n<script type=\"application\/ld+json\" class=\"yoast-schema-graph\">{\"@context\":\"https:\/\/schema.org\",\"@graph\":[{\"@type\":\"WebPage\",\"@id\":\"https:\/\/quantum2025.org\/endorsing-organizations\/\",\"url\":\"https:\/\/quantum2025.org\/endorsing-organizations\/\",\"name\":\"Organizaciones de apoyo\",\"isPartOf\":{\"@id\":\"https:\/\/quantum2025.org\/#website\"},\"primaryImageOfPage\":{\"@id\":\"https:\/\/quantum2025.org\/endorsing-organizations\/#primaryimage\"},\"image\":{\"@id\":\"https:\/\/quantum2025.org\/endorsing-organizations\/#primaryimage\"},\"thumbnailUrl\":\"https:\/\/quantum2025.org\/wp-content\/uploads\/2024\/12\/IYQST-Logomark-FC.png\",\"datePublished\":\"2025-01-16T17:21:44+00:00\",\"dateModified\":\"2025-01-24T19:08:39+00:00\",\"description\":\"La direcci\u00f3n del AIC hace extensiva nuestra gratitud a nuestros socios por reconocer la profunda importancia de la ciencia cu\u00e1ntica, tanto en sus aportaciones hist\u00f3ricas como en su potencial futuro.\",\"breadcrumb\":{\"@id\":\"https:\/\/quantum2025.org\/endorsing-organizations\/#breadcrumb\"},\"inLanguage\":\"es\",\"potentialAction\":[{\"@type\":\"ReadAction\",\"target\":[\"https:\/\/quantum2025.org\/endorsing-organizations\/\"]}]},{\"@type\":\"ImageObject\",\"inLanguage\":\"es\",\"@id\":\"https:\/\/quantum2025.org\/endorsing-organizations\/#primaryimage\",\"url\":\"https:\/\/quantum2025.org\/wp-content\/uploads\/2024\/12\/IYQST-Logomark-FC.png\",\"contentUrl\":\"https:\/\/quantum2025.org\/wp-content\/uploads\/2024\/12\/IYQST-Logomark-FC.png\",\"width\":382,\"height\":374},{\"@type\":\"BreadcrumbList\",\"@id\":\"https:\/\/quantum2025.org\/endorsing-organizations\/#breadcrumb\",\"itemListElement\":[{\"@type\":\"ListItem\",\"position\":1,\"name\":\"Home\",\"item\":\"https:\/\/quantum2025.org\/\"},{\"@type\":\"ListItem\",\"position\":2,\"name\":\"Organizaciones de apoyo\"}]},{\"@type\":\"WebSite\",\"@id\":\"https:\/\/quantum2025.org\/#website\",\"url\":\"https:\/\/quantum2025.org\/\",\"name\":\"IYQ 2025\",\"description\":\"International Year of Quantum\",\"potentialAction\":[{\"@type\":\"SearchAction\",\"target\":{\"@type\":\"EntryPoint\",\"urlTemplate\":\"https:\/\/quantum2025.org\/?s={search_term_string}\"},\"query-input\":{\"@type\":\"PropertyValueSpecification\",\"valueRequired\":true,\"valueName\":\"search_term_string\"}}],\"inLanguage\":\"es\"}]}<\/script>\n<!-- \/ Yoast SEO plugin. -->","yoast_head_json":{"title":"Organizaciones de apoyo","description":"La direcci\u00f3n del AIC hace extensiva nuestra gratitud a nuestros socios por reconocer la profunda importancia de la ciencia cu\u00e1ntica, tanto en sus aportaciones hist\u00f3ricas como en su potencial futuro.","robots":{"index":"index","follow":"follow","max-snippet":"max-snippet:-1","max-image-preview":"max-image-preview:large","max-video-preview":"max-video-preview:-1"},"og_locale":"es_ES","og_type":"article","og_title":"Organizaciones de apoyo","og_description":"La direcci\u00f3n del AIC hace extensiva nuestra gratitud a nuestros socios por reconocer la profunda importancia de la ciencia cu\u00e1ntica, tanto en sus aportaciones hist\u00f3ricas como en su potencial futuro.","og_url":"https:\/\/quantum2025.org\/endorsing-organizations\/","og_site_name":"IYQ 2025","article_publisher":"https:\/\/www.facebook.com\/quantumyear2025","article_modified_time":"2025-01-24T19:08:39+00:00","og_image":[{"width":382,"height":374,"url":"https:\/\/quantum2025.org\/wp-content\/uploads\/2024\/12\/IYQST-Logomark-FC.png","type":"image\/png"}],"twitter_card":"summary_large_image","twitter_site":"@QuantumYear2025","twitter_misc":{"Est. reading time":"3 minutos"},"schema":{"@context":"https:\/\/schema.org","@graph":[{"@type":"WebPage","@id":"https:\/\/quantum2025.org\/endorsing-organizations\/","url":"https:\/\/quantum2025.org\/endorsing-organizations\/","name":"Organizaciones de apoyo","isPartOf":{"@id":"https:\/\/quantum2025.org\/#website"},"primaryImageOfPage":{"@id":"https:\/\/quantum2025.org\/endorsing-organizations\/#primaryimage"},"image":{"@id":"https:\/\/quantum2025.org\/endorsing-organizations\/#primaryimage"},"thumbnailUrl":"https:\/\/quantum2025.org\/wp-content\/uploads\/2024\/12\/IYQST-Logomark-FC.png","datePublished":"2025-01-16T17:21:44+00:00","dateModified":"2025-01-24T19:08:39+00:00","description":"La direcci\u00f3n del AIC hace extensiva nuestra gratitud a nuestros socios por reconocer la profunda importancia de la ciencia cu\u00e1ntica, tanto en sus aportaciones hist\u00f3ricas como en su potencial futuro.","breadcrumb":{"@id":"https:\/\/quantum2025.org\/endorsing-organizations\/#breadcrumb"},"inLanguage":"es","potentialAction":[{"@type":"ReadAction","target":["https:\/\/quantum2025.org\/endorsing-organizations\/"]}]},{"@type":"ImageObject","inLanguage":"es","@id":"https:\/\/quantum2025.org\/endorsing-organizations\/#primaryimage","url":"https:\/\/quantum2025.org\/wp-content\/uploads\/2024\/12\/IYQST-Logomark-FC.png","contentUrl":"https:\/\/quantum2025.org\/wp-content\/uploads\/2024\/12\/IYQST-Logomark-FC.png","width":382,"height":374},{"@type":"BreadcrumbList","@id":"https:\/\/quantum2025.org\/endorsing-organizations\/#breadcrumb","itemListElement":[{"@type":"ListItem","position":1,"name":"Home","item":"https:\/\/quantum2025.org\/"},{"@type":"ListItem","position":2,"name":"Organizaciones de apoyo"}]},{"@type":"WebSite","@id":"https:\/\/quantum2025.org\/#website","url":"https:\/\/quantum2025.org\/","name":"IYQ 2025","description":"International Year of Quantum","potentialAction":[{"@type":"SearchAction","target":{"@type":"EntryPoint","urlTemplate":"https:\/\/quantum2025.org\/?s={search_term_string}"},"query-input":{"@type":"PropertyValueSpecification","valueRequired":true,"valueName":"search_term_string"}}],"inLanguage":"es"}]}},"_links":{"self":[{"href":"https:\/\/quantum2025.org\/es\/wp-json\/wp\/v2\/pages\/2396","targetHints":{"allow":["GET"]}}],"collection":[{"href":"https:\/\/quantum2025.org\/es\/wp-json\/wp\/v2\/pages"}],"about":[{"href":"https:\/\/quantum2025.org\/es\/wp-json\/wp\/v2\/types\/page"}],"author":[{"embeddable":true,"href":"https:\/\/quantum2025.org\/es\/wp-json\/wp\/v2\/users\/2"}],"replies":[{"embeddable":true,"href":"https:\/\/quantum2025.org\/es\/wp-json\/wp\/v2\/comments?post=2396"}],"version-history":[{"count":0,"href":"https:\/\/quantum2025.org\/es\/wp-json\/wp\/v2\/pages\/2396\/revisions"}],"wp:featuredmedia":[{"embeddable":true,"href":"https:\/\/quantum2025.org\/es\/wp-json\/wp\/v2\/media\/2203"}],"wp:attachment":[{"href":"https:\/\/quantum2025.org\/es\/wp-json\/wp\/v2\/media?parent=2396"}],"curies":[{"name":"wp","href":"https:\/\/api.w.org\/{rel}","templated":true}]}}