{"id":10807,"date":"2026-04-13T06:16:18","date_gmt":"2026-04-13T06:16:18","guid":{"rendered":"https:\/\/quantum2025.org\/antecedentes-e-historia\/"},"modified":"2026-04-28T08:02:39","modified_gmt":"2026-04-28T08:02:39","slug":"antecedentes-e-historia","status":"publish","type":"page","link":"https:\/\/quantum2025.org\/es\/antecedentes-e-historia\/","title":{"rendered":"Antecedentes e historia"},"content":{"rendered":"\t\t<div data-elementor-type=\"wp-page\" data-elementor-id=\"10807\" class=\"elementor elementor-10807 elementor-10775\" data-elementor-post-type=\"page\">\n\t\t\t\t<div class=\"elementor-element elementor-element-9c6fd97 e-flex e-con-boxed e-con e-parent\" data-id=\"9c6fd97\" data-element_type=\"container\" data-e-type=\"container\" data-settings=\"{&quot;jet_parallax_layout_list&quot;:[],&quot;background_background&quot;:&quot;gradient&quot;,&quot;_ha_eqh_enable&quot;:false}\">\n\t\t\t\t\t<div class=\"e-con-inner\">\n\t\t\t\t<div class=\"elementor-element elementor-element-cc0a7fb elementor-widget__width-initial elementor-widget-tablet__width-inherit elementor-invisible elementor-widget elementor-widget-ha-gradient-heading happy-addon ha-gradient-heading\" data-id=\"cc0a7fb\" data-element_type=\"widget\" data-e-type=\"widget\" data-settings=\"{&quot;_animation&quot;:&quot;fadeInUp&quot;}\" data-widget_type=\"ha-gradient-heading.default\">\n\t\t\t\t<div class=\"elementor-widget-container\">\n\t\t\t\t\t<h1 class=\"ha-gradient-heading\">Antecedentes e historia<\/h1>\t\t\t\t<\/div>\n\t\t\t\t<\/div>\n\t\t\t\t<div class=\"elementor-element elementor-element-9d79f02 elementor-widget__width-initial elementor-widget elementor-widget-text-editor\" data-id=\"9d79f02\" data-element_type=\"widget\" data-e-type=\"widget\" data-widget_type=\"text-editor.default\">\n\t\t\t\t<div class=\"elementor-widget-container\">\n\t\t\t\t\t\t\t\t\t<p>El IYQ surgi\u00f3 como un movimiento de base impulsado por un peque\u00f1o grupo de cient\u00edficos, educadores e historiadores que reconocieron que el centenario de la mec\u00e1nica cu\u00e1ntica en 2025 ser\u00eda una ocasi\u00f3n perfecta para ayudar a ampliar la comprensi\u00f3n del p\u00fablico sobre el papel fundamental que la ciencia y la tecnolog\u00eda cu\u00e1nticas han adquirido para la humanidad en los \u00faltimos 100 a\u00f1os, y sobre c\u00f3mo es probable que su impacto no haga m\u00e1s que aumentar en los pr\u00f3ximos 100 a\u00f1os. R\u00e1pidamente se corri\u00f3 la voz entre una red internacional de personas con ideas afines que empezaron a dirigirse a las sociedades cient\u00edficas y desarrollaron una serie de <a href=\"https:\/\/quantum2025.org\/en\/guiding-principles\">principios rectores<\/a> para todos aquellos que trabajaban en la planificaci\u00f3n de una celebraci\u00f3n p\u00fablica del centenario cu\u00e1ntico.<\/p>\n<p>Reconociendo la importancia de la ciencia cu\u00e1ntica y la necesidad de una mayor concienciaci\u00f3n sobre su impacto pasado y futuro, docenas de <a href=\"https:\/\/quantum2025.org\/es\/socios\/\">sociedades cient\u00edficas nacionales<\/a> se reunieron oficialmente para apoyar el IYQ y respaldaron la celebraci\u00f3n de los 100 a\u00f1os de la mec\u00e1nica cu\u00e1ntica con un a\u00f1o internacional declarado por la ONU. El <a href=\"https:\/\/quantum2025.org\/en\/timeline\"> conjunto de instituciones que respaldaron<\/a> al A\u00f1o Internacional incluy\u00f3 tambi\u00e9n a la Uni\u00f3n Internacional de F\u00edsica Pura y Aplicada (IUPAP), la Uni\u00f3n Internacional de Qu\u00edmica Pura y Aplicada (IUPAC), la Uni\u00f3n Internacional de Cristalograf\u00eda (IUCr) y la Uni\u00f3n Internacional de Historia y Filosof\u00eda de la Ciencia y la Tecnolog\u00eda (IUHPST).<\/p>\n<p>Con un amplio apoyo de la comunidad cient\u00edfica internacional, los gobiernos nacionales tambi\u00e9n respaldaron la idea, especialmente dado el papel fundamental de la ciencia y la tecnolog\u00eda cu\u00e1nticas en el desarrollo de soluciones sostenibles en energ\u00eda, educaci\u00f3n, comunicaciones y salud humana.<\/p>\n<p>Encabezada por la naci\u00f3n de M\u00e9xico, en mayo de 2023 el Consejo Ejecutivo de la Organizaci\u00f3n de las Naciones Unidas para la Educaci\u00f3n, la Ciencia y la Cultura (UNESCO) aprob\u00f3 una resoluci\u00f3n que alentaba la proclamaci\u00f3n oficial de la ONU, a la que sigui\u00f3 el respaldo del pleno de la Conferencia General de la UNESCO en noviembre de 2023, copatrocinado por casi 60 pa\u00edses.<\/p>\n<p>En mayo de 2024, Ghana <a href=\"https:\/\/documents.un.org\/doc\/undoc\/ltd\/n24\/131\/80\/pdf\/n2413180.pdf\">present\u00f3 formalmente ante la Asamblea General de las Naciones Unidas una resoluci\u00f3n para la proclamaci\u00f3n oficial del A\u00f1o Internacional<\/a>. El 7 de junio de 2024, la Asamblea General de la ONU declar\u00f3 oficialmente el 2025 como A\u00f1o Internacional de la Ciencia y la Tecnolog\u00eda Cu\u00e1nticas. La resoluci\u00f3n fue copatrocinada por m\u00e1s de 70 pa\u00edses, que representan a m\u00e1s de 5000 millones de personas.<\/p>\t\t\t\t\t\t\t\t<\/div>\n\t\t\t\t<\/div>\n\t\t<div class=\"elementor-element elementor-element-fa86977 e-con-full elementor-hidden-mobile e-flex e-con e-child\" data-id=\"fa86977\" data-element_type=\"container\" data-e-type=\"container\" data-settings=\"{&quot;jet_parallax_layout_list&quot;:[],&quot;_ha_eqh_enable&quot;:false}\">\n\t\t\t\t<div class=\"elementor-element elementor-element-7525955 elementor-widget elementor-widget-raven-site-logo\" data-id=\"7525955\" data-element_type=\"widget\" data-e-type=\"widget\" data-widget_type=\"raven-site-logo.default\">\n\t\t\t\t<div class=\"elementor-widget-container\">\n\t\t\t\t\t\t\t<div class=\"raven-widget-wrapper\">\n\t\t\t<div class=\"raven-site-logo\">\n\t\t\t\t\t\t\t\t\t<a class=\"raven-site-logo-link\" href=\"https:\/\/quantum2025.org\/es\/\">\n\t\t\t\t\t\t\t\t<picture><img alt=\"IYQ 2025\" data-no-lazy=\"1\" src=' https:\/\/quantum2025.org\/wp-content\/uploads\/2024\/12\/IYQST-Logomark-FC.png '><\/picture>\t\t\t\t\t\t\t\t\t<\/a>\n\t\t\t\t\t\t\t<\/div>\n\t\t<\/div>\n\t\t\t\t\t\t<\/div>\n\t\t\t\t<\/div>\n\t\t\t\t<\/div>\n\t\t\t\t\t<\/div>\n\t\t\t\t<\/div>\n\t\t\t\t<\/div>\n\t\t","protected":false},"excerpt":{"rendered":"<p>El IYQ surgi\u00f3 como un movimiento de base impulsado por un peque\u00f1o grupo de cient\u00edficos, educadores e historiadores que reconocieron que el centenario de la mec\u00e1nica cu\u00e1ntica en 2025 ser\u00eda una ocasi\u00f3n perfecta para ayudar a ampliar la comprensi\u00f3n del p\u00fablico sobre el papel fundamental que la ciencia y la tecnolog\u00eda cu\u00e1nticas han adquirido para [&hellip;]<\/p>\n","protected":false},"author":6,"featured_media":2203,"parent":0,"menu_order":0,"comment_status":"closed","ping_status":"closed","template":"elementor_header_footer","meta":{"_acf_changed":false,"footnotes":""},"class_list":["post-10807","page","type-page","status-publish","has-post-thumbnail","hentry"],"acf":[],"yoast_head":"<!-- This site is optimized with the Yoast SEO plugin v27.4 - https:\/\/yoast.com\/product\/yoast-seo-wordpress\/ -->\n<title>IYQ 2025<\/title>\n<meta name=\"description\" content=\"La misi\u00f3n del A\u00f1o Internacional de la Ciencia y la Tecnolog\u00eda Cu\u00e1nticas (IYQ) es ayudar a sensibilizar al p\u00fablico sobre la importancia y el impacto de la ciencia cu\u00e1ntica y sus aplicaciones en todos los \u00e1mbitos de la vida.\" \/>\n<meta name=\"robots\" content=\"index, follow, max-snippet:-1, max-image-preview:large, max-video-preview:-1\" \/>\n<meta property=\"og:locale\" content=\"es_ES\" \/>\n<meta property=\"og:type\" content=\"article\" \/>\n<meta property=\"og:description\" content=\"La misi\u00f3n del A\u00f1o Internacional de la Ciencia y la Tecnolog\u00eda Cu\u00e1nticas (IYQ) es ayudar a sensibilizar al p\u00fablico sobre la importancia y el impacto de la ciencia cu\u00e1ntica y sus aplicaciones en todos los \u00e1mbitos de la vida.\" \/>\n<meta property=\"og:url\" content=\"https:\/\/quantum2025.org\/es\/antecedentes-e-historia\/\" \/>\n<meta property=\"og:site_name\" content=\"IYQ 2025\" \/>\n<meta property=\"article:publisher\" content=\"https:\/\/www.facebook.com\/quantumyear2025\" \/>\n<meta property=\"article:modified_time\" content=\"2026-04-28T08:02:39+00:00\" \/>\n<meta property=\"og:image\" content=\"https:\/\/quantum2025.org\/wp-content\/uploads\/2024\/12\/IYQST-Logomark-FC.png\" \/>\n\t<meta property=\"og:image:width\" content=\"382\" \/>\n\t<meta property=\"og:image:height\" content=\"374\" \/>\n\t<meta property=\"og:image:type\" content=\"image\/png\" \/>\n<meta name=\"twitter:card\" content=\"summary_large_image\" \/>\n<meta name=\"twitter:site\" content=\"@QuantumYear2025\" \/>\n<meta name=\"twitter:label1\" content=\"Est. reading time\" \/>\n\t<meta name=\"twitter:data1\" content=\"2 minutos\" \/>\n<script type=\"application\/ld+json\" class=\"yoast-schema-graph\">{\"@context\":\"https:\\\/\\\/schema.org\",\"@graph\":[{\"@type\":\"WebPage\",\"@id\":\"https:\\\/\\\/quantum2025.org\\\/es\\\/antecedentes-e-historia\\\/\",\"url\":\"https:\\\/\\\/quantum2025.org\\\/es\\\/antecedentes-e-historia\\\/\",\"name\":\"\",\"isPartOf\":{\"@id\":\"https:\\\/\\\/quantum2025.org\\\/#website\"},\"primaryImageOfPage\":{\"@id\":\"https:\\\/\\\/quantum2025.org\\\/es\\\/antecedentes-e-historia\\\/#primaryimage\"},\"image\":{\"@id\":\"https:\\\/\\\/quantum2025.org\\\/es\\\/antecedentes-e-historia\\\/#primaryimage\"},\"thumbnailUrl\":\"https:\\\/\\\/quantum2025.org\\\/wp-content\\\/uploads\\\/2024\\\/12\\\/IYQST-Logomark-FC.png\",\"datePublished\":\"2026-04-13T06:16:18+00:00\",\"dateModified\":\"2026-04-28T08:02:39+00:00\",\"description\":\"La misi\u00f3n del A\u00f1o Internacional de la Ciencia y la Tecnolog\u00eda Cu\u00e1nticas (IYQ) es ayudar a sensibilizar al p\u00fablico sobre la importancia y el impacto de la ciencia cu\u00e1ntica y sus aplicaciones en todos los \u00e1mbitos de la vida.\",\"breadcrumb\":{\"@id\":\"https:\\\/\\\/quantum2025.org\\\/es\\\/antecedentes-e-historia\\\/#breadcrumb\"},\"inLanguage\":\"es\",\"potentialAction\":[{\"@type\":\"ReadAction\",\"target\":[\"https:\\\/\\\/quantum2025.org\\\/es\\\/antecedentes-e-historia\\\/\"]}]},{\"@type\":\"ImageObject\",\"inLanguage\":\"es\",\"@id\":\"https:\\\/\\\/quantum2025.org\\\/es\\\/antecedentes-e-historia\\\/#primaryimage\",\"url\":\"https:\\\/\\\/quantum2025.org\\\/wp-content\\\/uploads\\\/2024\\\/12\\\/IYQST-Logomark-FC.png\",\"contentUrl\":\"https:\\\/\\\/quantum2025.org\\\/wp-content\\\/uploads\\\/2024\\\/12\\\/IYQST-Logomark-FC.png\",\"width\":382,\"height\":374},{\"@type\":\"BreadcrumbList\",\"@id\":\"https:\\\/\\\/quantum2025.org\\\/es\\\/antecedentes-e-historia\\\/#breadcrumb\",\"itemListElement\":[{\"@type\":\"ListItem\",\"position\":1,\"name\":\"Home\",\"item\":\"https:\\\/\\\/quantum2025.org\\\/\"},{\"@type\":\"ListItem\",\"position\":2,\"name\":\"Antecedentes e historia\"}]},{\"@type\":\"WebSite\",\"@id\":\"https:\\\/\\\/quantum2025.org\\\/#website\",\"url\":\"https:\\\/\\\/quantum2025.org\\\/\",\"name\":\"IYQ 2025\",\"description\":\"International Year of Quantum\",\"potentialAction\":[{\"@type\":\"SearchAction\",\"target\":{\"@type\":\"EntryPoint\",\"urlTemplate\":\"https:\\\/\\\/quantum2025.org\\\/?s={search_term_string}\"},\"query-input\":{\"@type\":\"PropertyValueSpecification\",\"valueRequired\":true,\"valueName\":\"search_term_string\"}}],\"inLanguage\":\"es\"}]}<\/script>\n<!-- \/ Yoast SEO plugin. -->","yoast_head_json":{"title":"IYQ 2025","description":"La misi\u00f3n del A\u00f1o Internacional de la Ciencia y la Tecnolog\u00eda Cu\u00e1nticas (IYQ) es ayudar a sensibilizar al p\u00fablico sobre la importancia y el impacto de la ciencia cu\u00e1ntica y sus aplicaciones en todos los \u00e1mbitos de la vida.","robots":{"index":"index","follow":"follow","max-snippet":"max-snippet:-1","max-image-preview":"max-image-preview:large","max-video-preview":"max-video-preview:-1"},"og_locale":"es_ES","og_type":"article","og_description":"La misi\u00f3n del A\u00f1o Internacional de la Ciencia y la Tecnolog\u00eda Cu\u00e1nticas (IYQ) es ayudar a sensibilizar al p\u00fablico sobre la importancia y el impacto de la ciencia cu\u00e1ntica y sus aplicaciones en todos los \u00e1mbitos de la vida.","og_url":"https:\/\/quantum2025.org\/es\/antecedentes-e-historia\/","og_site_name":"IYQ 2025","article_publisher":"https:\/\/www.facebook.com\/quantumyear2025","article_modified_time":"2026-04-28T08:02:39+00:00","og_image":[{"width":382,"height":374,"url":"https:\/\/quantum2025.org\/wp-content\/uploads\/2024\/12\/IYQST-Logomark-FC.png","type":"image\/png"}],"twitter_card":"summary_large_image","twitter_site":"@QuantumYear2025","twitter_misc":{"Est. reading time":"2 minutos"},"schema":{"@context":"https:\/\/schema.org","@graph":[{"@type":"WebPage","@id":"https:\/\/quantum2025.org\/es\/antecedentes-e-historia\/","url":"https:\/\/quantum2025.org\/es\/antecedentes-e-historia\/","name":"","isPartOf":{"@id":"https:\/\/quantum2025.org\/#website"},"primaryImageOfPage":{"@id":"https:\/\/quantum2025.org\/es\/antecedentes-e-historia\/#primaryimage"},"image":{"@id":"https:\/\/quantum2025.org\/es\/antecedentes-e-historia\/#primaryimage"},"thumbnailUrl":"https:\/\/quantum2025.org\/wp-content\/uploads\/2024\/12\/IYQST-Logomark-FC.png","datePublished":"2026-04-13T06:16:18+00:00","dateModified":"2026-04-28T08:02:39+00:00","description":"La misi\u00f3n del A\u00f1o Internacional de la Ciencia y la Tecnolog\u00eda Cu\u00e1nticas (IYQ) es ayudar a sensibilizar al p\u00fablico sobre la importancia y el impacto de la ciencia cu\u00e1ntica y sus aplicaciones en todos los \u00e1mbitos de la vida.","breadcrumb":{"@id":"https:\/\/quantum2025.org\/es\/antecedentes-e-historia\/#breadcrumb"},"inLanguage":"es","potentialAction":[{"@type":"ReadAction","target":["https:\/\/quantum2025.org\/es\/antecedentes-e-historia\/"]}]},{"@type":"ImageObject","inLanguage":"es","@id":"https:\/\/quantum2025.org\/es\/antecedentes-e-historia\/#primaryimage","url":"https:\/\/quantum2025.org\/wp-content\/uploads\/2024\/12\/IYQST-Logomark-FC.png","contentUrl":"https:\/\/quantum2025.org\/wp-content\/uploads\/2024\/12\/IYQST-Logomark-FC.png","width":382,"height":374},{"@type":"BreadcrumbList","@id":"https:\/\/quantum2025.org\/es\/antecedentes-e-historia\/#breadcrumb","itemListElement":[{"@type":"ListItem","position":1,"name":"Home","item":"https:\/\/quantum2025.org\/"},{"@type":"ListItem","position":2,"name":"Antecedentes e historia"}]},{"@type":"WebSite","@id":"https:\/\/quantum2025.org\/#website","url":"https:\/\/quantum2025.org\/","name":"IYQ 2025","description":"International Year of Quantum","potentialAction":[{"@type":"SearchAction","target":{"@type":"EntryPoint","urlTemplate":"https:\/\/quantum2025.org\/?s={search_term_string}"},"query-input":{"@type":"PropertyValueSpecification","valueRequired":true,"valueName":"search_term_string"}}],"inLanguage":"es"}]}},"_links":{"self":[{"href":"https:\/\/quantum2025.org\/es\/wp-json\/wp\/v2\/pages\/10807","targetHints":{"allow":["GET"]}}],"collection":[{"href":"https:\/\/quantum2025.org\/es\/wp-json\/wp\/v2\/pages"}],"about":[{"href":"https:\/\/quantum2025.org\/es\/wp-json\/wp\/v2\/types\/page"}],"author":[{"embeddable":true,"href":"https:\/\/quantum2025.org\/es\/wp-json\/wp\/v2\/users\/6"}],"replies":[{"embeddable":true,"href":"https:\/\/quantum2025.org\/es\/wp-json\/wp\/v2\/comments?post=10807"}],"version-history":[{"count":0,"href":"https:\/\/quantum2025.org\/es\/wp-json\/wp\/v2\/pages\/10807\/revisions"}],"wp:featuredmedia":[{"embeddable":true,"href":"https:\/\/quantum2025.org\/es\/wp-json\/wp\/v2\/media\/2203"}],"wp:attachment":[{"href":"https:\/\/quantum2025.org\/es\/wp-json\/wp\/v2\/media?parent=10807"}],"curies":[{"name":"wp","href":"https:\/\/api.w.org\/{rel}","templated":true}]}}